{"id":412,"date":"2023-04-19T12:36:07","date_gmt":"2023-04-19T10:36:07","guid":{"rendered":"https:\/\/dev.carrida-technologies.com\/?page_id=412"},"modified":"2023-04-19T16:03:55","modified_gmt":"2023-04-19T14:03:55","slug":"impressum","status":"publish","type":"page","link":"https:\/\/dev.carrida-technologies.com\/en\/impressum\/","title":{"rendered":"Imprint"},"content":{"rendered":"<div data-elementor-type=\"wp-page\" data-elementor-id=\"412\" class=\"elementor elementor-412\" data-elementor-post-type=\"page\">\n\t\t\t\t<div class=\"elementor-element elementor-element-e3a4cc2 wo-content-padding wo-padding-tablet-general e-flex e-con-boxed e-con e-parent\" data-id=\"e3a4cc2\" data-element_type=\"container\" data-e-type=\"container\">\n\t\t\t\t\t<div class=\"e-con-inner\">\n\t\t<div class=\"elementor-element elementor-element-8957931 e-flex e-con-boxed e-con e-parent\" data-id=\"8957931\" data-element_type=\"container\" data-e-type=\"container\">\n\t\t\t\t\t<div class=\"e-con-inner\">\n\t\t<div class=\"elementor-element elementor-element-377a21b e-flex e-con-boxed e-con e-parent\" data-id=\"377a21b\" data-element_type=\"container\" data-e-type=\"container\">\n\t\t\t\t\t<div class=\"e-con-inner\">\n\t\t\t\t<div class=\"elementor-element elementor-element-1646e8e wo-header-padding elementor-widget elementor-widget-heading\" data-id=\"1646e8e\" data-element_type=\"widget\" data-e-type=\"widget\" data-widget_type=\"heading.default\">\n\t\t\t\t<div class=\"elementor-widget-container\">\n\t\t\t\t\t<h1 class=\"elementor-heading-title elementor-size-default\">Imprint<\/h1>\t\t\t\t<\/div>\n\t\t\t\t<\/div>\n\t\t\t\t\t<\/div>\n\t\t\t\t<\/div>\n\t\t<div class=\"elementor-element elementor-element-9b17c7c e-flex e-con-boxed e-con e-parent\" data-id=\"9b17c7c\" data-element_type=\"container\" data-e-type=\"container\">\n\t\t\t\t\t<div class=\"e-con-inner\">\n\t\t<div class=\"elementor-element elementor-element-22251fd e-flex e-con-boxed e-con e-parent\" data-id=\"22251fd\" data-element_type=\"container\" data-e-type=\"container\">\n\t\t\t\t\t<div class=\"e-con-inner\">\n\t\t\t\t<div class=\"elementor-element elementor-element-26e648c elementor-widget elementor-widget-heading\" data-id=\"26e648c\" data-element_type=\"widget\" data-e-type=\"widget\" data-widget_type=\"heading.default\">\n\t\t\t\t<div class=\"elementor-widget-container\">\n\t\t\t\t\t<h2 class=\"elementor-heading-title elementor-size-default\">CARRIDA Technologies<\/h2>\t\t\t\t<\/div>\n\t\t\t\t<\/div>\n\t\t\t\t<div class=\"elementor-element elementor-element-03251be elementor-widget elementor-widget-text-editor\" data-id=\"03251be\" data-element_type=\"widget\" data-e-type=\"widget\" data-widget_type=\"text-editor.default\">\n\t\t\t\t<div class=\"elementor-widget-container\">\n\t\t\t\t\t\t\t\t\t<p>Ottostra\u00dfe 2<br \/>76275 Ettlingen<br \/>+49 6331 259 9795<\/p>\t\t\t\t\t\t\t\t<\/div>\n\t\t\t\t<\/div>\n\t\t\t\t\t<\/div>\n\t\t\t\t<\/div>\n\t\t<div class=\"elementor-element elementor-element-a795ed0 e-flex e-con-boxed e-con e-parent\" data-id=\"a795ed0\" data-element_type=\"container\" data-e-type=\"container\">\n\t\t\t\t\t<div class=\"e-con-inner\">\n\t\t\t\t<div class=\"elementor-element elementor-element-6892549 elementor-widget elementor-widget-text-editor\" data-id=\"6892549\" data-element_type=\"widget\" data-e-type=\"widget\" data-widget_type=\"text-editor.default\">\n\t\t\t\t<div class=\"elementor-widget-container\">\n\t\t\t\t\t\t\t\t\t<p><strong>Obligatory data \u00a7 5 TMG<\/strong><\/p><p><strong>Managing Directors:<\/strong><br \/>Jan-Erik Schmitt, Oliver Sidla<br \/><strong>Registered business address:<\/strong><br \/>Ettlingen<br \/><strong>Commercial register number:<\/strong><br \/>HRB729345<br \/><strong>VAT<\/strong><br \/>DE318643274<\/p>\t\t\t\t\t\t\t\t<\/div>\n\t\t\t\t<\/div>\n\t\t\t\t\t<\/div>\n\t\t\t\t<\/div>\n\t\t\t\t\t<\/div>\n\t\t\t\t<\/div>\n\t\t\t\t\t<\/div>\n\t\t\t\t<\/div>\n\t\t\t\t\t<\/div>\n\t\t\t\t<\/div>\n\t\t<div class=\"elementor-element elementor-element-e21858d wo-content-padding wo-padding-tablet-general e-flex e-con-boxed e-con e-parent\" data-id=\"e21858d\" data-element_type=\"container\" data-e-type=\"container\">\n\t\t\t\t\t<div class=\"e-con-inner\">\n\t\t\t\t<div class=\"elementor-element elementor-element-3b8fe4b elementor-widget elementor-widget-heading\" data-id=\"3b8fe4b\" data-element_type=\"widget\" data-e-type=\"widget\" data-widget_type=\"heading.default\">\n\t\t\t\t<div class=\"elementor-widget-container\">\n\t\t\t\t\t<h2 class=\"elementor-heading-title elementor-size-default\">Disclaimer<\/h2>\t\t\t\t<\/div>\n\t\t\t\t<\/div>\n\t\t<div class=\"elementor-element elementor-element-d69b2d8 e-flex e-con-boxed e-con e-parent\" data-id=\"d69b2d8\" data-element_type=\"container\" data-e-type=\"container\">\n\t\t\t\t\t<div class=\"e-con-inner\">\n\t\t\t\t<div class=\"elementor-element elementor-element-cf66149 elementor-widget elementor-widget-text-editor\" data-id=\"cf66149\" data-element_type=\"widget\" data-e-type=\"widget\" data-widget_type=\"text-editor.default\">\n\t\t\t\t<div class=\"elementor-widget-container\">\n\t\t\t\t\t\t\t\t\t<strong>1. Content<\/strong>\t\t\t\t\t\t\t\t<\/div>\n\t\t\t\t<\/div>\n\t\t\t\t<div class=\"elementor-element elementor-element-e288168 elementor-widget elementor-widget-text-editor\" data-id=\"e288168\" data-element_type=\"widget\" data-e-type=\"widget\" data-widget_type=\"text-editor.default\">\n\t\t\t\t<div class=\"elementor-widget-container\">\n\t\t\t\t\t\t\t\t\tThe author reserves the right not to be responsible for the topicality, correctness, completeness or quality of the information provided. Liability claims regarding damage caused by the use of any information provided, including any kind of information which is incomplete or incorrect,will therefore be rejected.\nAll offers are not-binding and without obligation. Parts of the pages or the complete publication including all offers and information might be extended, changed or partly or completely deleted by the author without separate announcement.\t\t\t\t\t\t\t\t<\/div>\n\t\t\t\t<\/div>\n\t\t\t\t\t<\/div>\n\t\t\t\t<\/div>\n\t\t<div class=\"elementor-element elementor-element-a1a54cc e-flex e-con-boxed e-con e-parent\" data-id=\"a1a54cc\" data-element_type=\"container\" data-e-type=\"container\">\n\t\t\t\t\t<div class=\"e-con-inner\">\n\t\t\t\t<div class=\"elementor-element elementor-element-72593f0 elementor-widget elementor-widget-text-editor\" data-id=\"72593f0\" data-element_type=\"widget\" data-e-type=\"widget\" data-widget_type=\"text-editor.default\">\n\t\t\t\t<div class=\"elementor-widget-container\">\n\t\t\t\t\t\t\t\t\t<strong>2. Referrals and links<\/strong>\t\t\t\t\t\t\t\t<\/div>\n\t\t\t\t<\/div>\n\t\t\t\t<div class=\"elementor-element elementor-element-8957866 elementor-widget elementor-widget-text-editor\" data-id=\"8957866\" data-element_type=\"widget\" data-e-type=\"widget\" data-widget_type=\"text-editor.default\">\n\t\t\t\t<div class=\"elementor-widget-container\">\n\t\t\t\t\t\t\t\t\tThe author is not responsible for any contents linked or referred to from his pages \u2013 unless he has full knowledge of illegal contents and would be able to prevent the visitors of his site fromviewing those pages. If any damage occurs by the use of information presented there, only the author of the respective pages might be liable, not the one who has linked to these pages. Furthermore the author is not liable for any postings or messages published by users of discussion boards, guestbooks or mailinglists provided on his page.\t\t\t\t\t\t\t\t<\/div>\n\t\t\t\t<\/div>\n\t\t\t\t\t<\/div>\n\t\t\t\t<\/div>\n\t\t<div class=\"elementor-element elementor-element-c194195 e-flex e-con-boxed e-con e-parent\" data-id=\"c194195\" data-element_type=\"container\" data-e-type=\"container\">\n\t\t\t\t\t<div class=\"e-con-inner\">\n\t\t\t\t<div class=\"elementor-element elementor-element-4484dfc elementor-widget elementor-widget-text-editor\" data-id=\"4484dfc\" data-element_type=\"widget\" data-e-type=\"widget\" data-widget_type=\"text-editor.default\">\n\t\t\t\t<div class=\"elementor-widget-container\">\n\t\t\t\t\t\t\t\t\t<strong>3. Copyright<\/strong>\t\t\t\t\t\t\t\t<\/div>\n\t\t\t\t<\/div>\n\t\t\t\t<div class=\"elementor-element elementor-element-e5fd537 elementor-widget elementor-widget-text-editor\" data-id=\"e5fd537\" data-element_type=\"widget\" data-e-type=\"widget\" data-widget_type=\"text-editor.default\">\n\t\t\t\t<div class=\"elementor-widget-container\">\n\t\t\t\t\t\t\t\t\tThe author intended not to use any copyrighted material for the publication or, if not possible, to indicate the copyright of the respective object.\nThe copyright for any material created by the author is reserved. Any duplication or use of objects such as images, diagrams, sounds or texts in other electronic or printed publications is not permitted without the author\u2019s agreement.\t\t\t\t\t\t\t\t<\/div>\n\t\t\t\t<\/div>\n\t\t\t\t\t<\/div>\n\t\t\t\t<\/div>\n\t\t<div class=\"elementor-element elementor-element-e7177ba e-flex e-con-boxed e-con e-parent\" data-id=\"e7177ba\" data-element_type=\"container\" data-e-type=\"container\">\n\t\t\t\t\t<div class=\"e-con-inner\">\n\t\t\t\t<div class=\"elementor-element elementor-element-7f7775a elementor-widget elementor-widget-text-editor\" data-id=\"7f7775a\" data-element_type=\"widget\" data-e-type=\"widget\" data-widget_type=\"text-editor.default\">\n\t\t\t\t<div class=\"elementor-widget-container\">\n\t\t\t\t\t\t\t\t\t<strong>4. Legal validity of this disclaimer<\/strong>\t\t\t\t\t\t\t\t<\/div>\n\t\t\t\t<\/div>\n\t\t\t\t<div class=\"elementor-element elementor-element-c8de8de elementor-widget elementor-widget-text-editor\" data-id=\"c8de8de\" data-element_type=\"widget\" data-e-type=\"widget\" data-widget_type=\"text-editor.default\">\n\t\t\t\t<div class=\"elementor-widget-container\">\n\t\t\t\t\t\t\t\t\tThis disclaimer is to be regarded as part of the internet publication which you were referred from. If sections or individual terms of this statement are not legal or correct, the content or validity of the other parts remain uninfluenced by this fact.\t\t\t\t\t\t\t\t<\/div>\n\t\t\t\t<\/div>\n\t\t\t\t\t<\/div>\n\t\t\t\t<\/div>\n\t\t\t\t\t<\/div>\n\t\t\t\t<\/div>\n\t\t\t\t<\/div>","protected":false},"excerpt":{"rendered":"<p>Impressum CARRIDA Technologies Ottostra\u00dfe 276275 Ettlingen+49 6331 259 9795 Pflichtangaben nach \u00a7 5 TMG Gesch\u00e4ftsf\u00fchrer:Jan-Erik Schmitt, Oliver SidlaFirmensitz:EttlingenRegistergericht:HRB729345USt-ID:DE318643274 Haftungsausschluss 1. Inhalt des OnlineangebotesDer Autor \u00fcbernimmt keinerlei Gew\u00e4hr f\u00fcr die Aktualit\u00e4t, Korrektheit, Vollst\u00e4ndigkeit oder Qualit\u00e4t der bereitgestellten Informationen. Haftungsanspr\u00fcche gegen den Autor, welche sich auf Sch\u00e4den materieller oder ideeller Art beziehen, die durch die Nutzung oder [&hellip;]<\/p>\n","protected":false},"author":2,"featured_media":0,"parent":0,"menu_order":11,"comment_status":"closed","ping_status":"open","template":"","meta":{"footnotes":""},"class_list":["post-412","page","type-page","status-publish","hentry"],"yoast_head":"<!-- This site is optimized with the Yoast SEO plugin v27.3 - https:\/\/yoast.com\/product\/yoast-seo-wordpress\/ -->\n<title>Impressum | CARRIDA Technologies<\/title>\n<meta name=\"robots\" content=\"noindex, follow, max-snippet:-1, max-image-preview:large, max-video-preview:-1\" \/>\n<meta property=\"og:locale\" content=\"en_GB\" \/>\n<meta property=\"og:type\" content=\"article\" \/>\n<meta property=\"og:title\" content=\"Impressum | CARRIDA Technologies\" \/>\n<meta property=\"og:description\" content=\"Impressum CARRIDA Technologies Ottostra\u00dfe 276275 Ettlingen+49 6331 259 9795 Pflichtangaben nach \u00a7 5 TMG Gesch\u00e4ftsf\u00fchrer:Jan-Erik Schmitt, Oliver SidlaFirmensitz:EttlingenRegistergericht:HRB729345USt-ID:DE318643274 Haftungsausschluss 1. Inhalt des OnlineangebotesDer Autor \u00fcbernimmt keinerlei Gew\u00e4hr f\u00fcr die Aktualit\u00e4t, Korrektheit, Vollst\u00e4ndigkeit oder Qualit\u00e4t der bereitgestellten Informationen. Haftungsanspr\u00fcche gegen den Autor, welche sich auf Sch\u00e4den materieller oder ideeller Art beziehen, die durch die Nutzung oder [&hellip;]\" \/>\n<meta property=\"og:url\" content=\"https:\/\/dev.carrida-technologies.com\/en\/impressum\/\" \/>\n<meta property=\"og:site_name\" content=\"Carrida Technologies GmbH\" \/>\n<meta property=\"article:modified_time\" content=\"2023-04-19T14:03:55+00:00\" \/>\n<meta name=\"twitter:card\" content=\"summary_large_image\" \/>\n<meta name=\"twitter:label1\" content=\"Estimated reading time\" \/>\n\t<meta name=\"twitter:data1\" content=\"3 minutes\" \/>\n<script type=\"application\/ld+json\" class=\"yoast-schema-graph\">{\"@context\":\"https:\\\/\\\/schema.org\",\"@graph\":[{\"@type\":\"WebPage\",\"@id\":\"https:\\\/\\\/dev.carrida-technologies.com\\\/impressum\\\/\",\"url\":\"https:\\\/\\\/dev.carrida-technologies.com\\\/impressum\\\/\",\"name\":\"Impressum | CARRIDA Technologies\",\"isPartOf\":{\"@id\":\"https:\\\/\\\/dev.carrida-technologies.com\\\/#website\"},\"datePublished\":\"2023-04-19T10:36:07+00:00\",\"dateModified\":\"2023-04-19T14:03:55+00:00\",\"breadcrumb\":{\"@id\":\"https:\\\/\\\/dev.carrida-technologies.com\\\/impressum\\\/#breadcrumb\"},\"inLanguage\":\"en-GB\",\"potentialAction\":[{\"@type\":\"ReadAction\",\"target\":[\"https:\\\/\\\/dev.carrida-technologies.com\\\/impressum\\\/\"]}]},{\"@type\":\"BreadcrumbList\",\"@id\":\"https:\\\/\\\/dev.carrida-technologies.com\\\/impressum\\\/#breadcrumb\",\"itemListElement\":[{\"@type\":\"ListItem\",\"position\":1,\"name\":\"Startseite\",\"item\":\"https:\\\/\\\/dev.carrida-technologies.com\\\/\"},{\"@type\":\"ListItem\",\"position\":2,\"name\":\"Impressum\"}]},{\"@type\":\"WebSite\",\"@id\":\"https:\\\/\\\/dev.carrida-technologies.com\\\/#website\",\"url\":\"https:\\\/\\\/dev.carrida-technologies.com\\\/\",\"name\":\"Carrida Technologies GmbH\",\"description\":\"Eine weitere WordPress-Website\",\"publisher\":{\"@id\":\"https:\\\/\\\/dev.carrida-technologies.com\\\/#organization\"},\"potentialAction\":[{\"@type\":\"SearchAction\",\"target\":{\"@type\":\"EntryPoint\",\"urlTemplate\":\"https:\\\/\\\/dev.carrida-technologies.com\\\/?s={search_term_string}\"},\"query-input\":{\"@type\":\"PropertyValueSpecification\",\"valueRequired\":true,\"valueName\":\"search_term_string\"}}],\"inLanguage\":\"en-GB\"},{\"@type\":\"Organization\",\"@id\":\"https:\\\/\\\/dev.carrida-technologies.com\\\/#organization\",\"name\":\"Carrida Technologies GmbH\",\"url\":\"https:\\\/\\\/dev.carrida-technologies.com\\\/\",\"logo\":{\"@type\":\"ImageObject\",\"inLanguage\":\"en-GB\",\"@id\":\"https:\\\/\\\/dev.carrida-technologies.com\\\/#\\\/schema\\\/logo\\\/image\\\/\",\"url\":\"https:\\\/\\\/dev.carrida-technologies.com\\\/wp-content\\\/uploads\\\/2023\\\/04\\\/Carrida_logo_white.png\",\"contentUrl\":\"https:\\\/\\\/dev.carrida-technologies.com\\\/wp-content\\\/uploads\\\/2023\\\/04\\\/Carrida_logo_white.png\",\"width\":386,\"height\":111,\"caption\":\"Carrida Technologies GmbH\"},\"image\":{\"@id\":\"https:\\\/\\\/dev.carrida-technologies.com\\\/#\\\/schema\\\/logo\\\/image\\\/\"}}]}<\/script>\n<!-- \/ Yoast SEO plugin. -->","yoast_head_json":{"title":"Impressum | CARRIDA Technologies","robots":{"index":"noindex","follow":"follow","max-snippet":"max-snippet:-1","max-image-preview":"max-image-preview:large","max-video-preview":"max-video-preview:-1"},"og_locale":"en_GB","og_type":"article","og_title":"Impressum | CARRIDA Technologies","og_description":"Impressum CARRIDA Technologies Ottostra\u00dfe 276275 Ettlingen+49 6331 259 9795 Pflichtangaben nach \u00a7 5 TMG Gesch\u00e4ftsf\u00fchrer:Jan-Erik Schmitt, Oliver SidlaFirmensitz:EttlingenRegistergericht:HRB729345USt-ID:DE318643274 Haftungsausschluss 1. Inhalt des OnlineangebotesDer Autor \u00fcbernimmt keinerlei Gew\u00e4hr f\u00fcr die Aktualit\u00e4t, Korrektheit, Vollst\u00e4ndigkeit oder Qualit\u00e4t der bereitgestellten Informationen. Haftungsanspr\u00fcche gegen den Autor, welche sich auf Sch\u00e4den materieller oder ideeller Art beziehen, die durch die Nutzung oder [&hellip;]","og_url":"https:\/\/dev.carrida-technologies.com\/en\/impressum\/","og_site_name":"Carrida Technologies GmbH","article_modified_time":"2023-04-19T14:03:55+00:00","twitter_card":"summary_large_image","twitter_misc":{"Estimated reading time":"3 minutes"},"schema":{"@context":"https:\/\/schema.org","@graph":[{"@type":"WebPage","@id":"https:\/\/dev.carrida-technologies.com\/impressum\/","url":"https:\/\/dev.carrida-technologies.com\/impressum\/","name":"Impressum | CARRIDA Technologies","isPartOf":{"@id":"https:\/\/dev.carrida-technologies.com\/#website"},"datePublished":"2023-04-19T10:36:07+00:00","dateModified":"2023-04-19T14:03:55+00:00","breadcrumb":{"@id":"https:\/\/dev.carrida-technologies.com\/impressum\/#breadcrumb"},"inLanguage":"en-GB","potentialAction":[{"@type":"ReadAction","target":["https:\/\/dev.carrida-technologies.com\/impressum\/"]}]},{"@type":"BreadcrumbList","@id":"https:\/\/dev.carrida-technologies.com\/impressum\/#breadcrumb","itemListElement":[{"@type":"ListItem","position":1,"name":"Startseite","item":"https:\/\/dev.carrida-technologies.com\/"},{"@type":"ListItem","position":2,"name":"Impressum"}]},{"@type":"WebSite","@id":"https:\/\/dev.carrida-technologies.com\/#website","url":"https:\/\/dev.carrida-technologies.com\/","name":"Carrida Technologies GmbH","description":"Eine weitere WordPress-Website","publisher":{"@id":"https:\/\/dev.carrida-technologies.com\/#organization"},"potentialAction":[{"@type":"SearchAction","target":{"@type":"EntryPoint","urlTemplate":"https:\/\/dev.carrida-technologies.com\/?s={search_term_string}"},"query-input":{"@type":"PropertyValueSpecification","valueRequired":true,"valueName":"search_term_string"}}],"inLanguage":"en-GB"},{"@type":"Organization","@id":"https:\/\/dev.carrida-technologies.com\/#organization","name":"Carrida Technologies GmbH","url":"https:\/\/dev.carrida-technologies.com\/","logo":{"@type":"ImageObject","inLanguage":"en-GB","@id":"https:\/\/dev.carrida-technologies.com\/#\/schema\/logo\/image\/","url":"https:\/\/dev.carrida-technologies.com\/wp-content\/uploads\/2023\/04\/Carrida_logo_white.png","contentUrl":"https:\/\/dev.carrida-technologies.com\/wp-content\/uploads\/2023\/04\/Carrida_logo_white.png","width":386,"height":111,"caption":"Carrida Technologies GmbH"},"image":{"@id":"https:\/\/dev.carrida-technologies.com\/#\/schema\/logo\/image\/"}}]}},"_links":{"self":[{"href":"https:\/\/dev.carrida-technologies.com\/en\/wp-json\/wp\/v2\/pages\/412","targetHints":{"allow":["GET"]}}],"collection":[{"href":"https:\/\/dev.carrida-technologies.com\/en\/wp-json\/wp\/v2\/pages"}],"about":[{"href":"https:\/\/dev.carrida-technologies.com\/en\/wp-json\/wp\/v2\/types\/page"}],"author":[{"embeddable":true,"href":"https:\/\/dev.carrida-technologies.com\/en\/wp-json\/wp\/v2\/users\/2"}],"replies":[{"embeddable":true,"href":"https:\/\/dev.carrida-technologies.com\/en\/wp-json\/wp\/v2\/comments?post=412"}],"version-history":[{"count":0,"href":"https:\/\/dev.carrida-technologies.com\/en\/wp-json\/wp\/v2\/pages\/412\/revisions"}],"wp:attachment":[{"href":"https:\/\/dev.carrida-technologies.com\/en\/wp-json\/wp\/v2\/media?parent=412"}],"curies":[{"name":"wp","href":"https:\/\/api.w.org\/{rel}","templated":true}]}}