{"id":5634,"date":"2024-07-09T11:52:19","date_gmt":"2024-07-09T09:52:19","guid":{"rendered":"https:\/\/dev.carrida-technologies.com\/?page_id=5634"},"modified":"2025-12-12T10:09:02","modified_gmt":"2025-12-12T09:09:02","slug":"test-free","status":"publish","type":"page","link":"https:\/\/dev.carrida-technologies.com\/en\/kostenlos-testen\/","title":{"rendered":"Test for free"},"content":{"rendered":"\t\t<div data-elementor-type=\"wp-page\" data-elementor-id=\"5634\" class=\"elementor elementor-5634\" data-elementor-post-type=\"page\">\n\t\t\t\t<div class=\"elementor-element elementor-element-02b5382 wo-padding-bottom-80 e-flex e-con-boxed e-con e-parent\" data-id=\"02b5382\" data-element_type=\"container\" data-e-type=\"container\" data-settings=\"{&quot;background_background&quot;:&quot;classic&quot;}\">\n\t\t\t\t\t<div class=\"e-con-inner\">\n\t\t<div class=\"elementor-element elementor-element-66319dd wo-content e-flex e-con-boxed e-con e-child\" data-id=\"66319dd\" data-element_type=\"container\" data-e-type=\"container\">\n\t\t\t\t\t<div class=\"e-con-inner\">\n\t\t\t\t<div class=\"elementor-element elementor-element-e04d0d0 ca-font-black wo-margin-top-80 elementor-widget elementor-widget-heading\" data-id=\"e04d0d0\" data-element_type=\"widget\" data-e-type=\"widget\" data-widget_type=\"heading.default\">\n\t\t\t\t<div class=\"elementor-widget-container\">\n\t\t\t\t\t<h1 class=\"elementor-heading-title elementor-size-default\">In 21 Tagen zur besten ALPR L\u00f6sung<br><\/h1>\t\t\t\t<\/div>\n\t\t\t\t<\/div>\n\t\t\t\t<div class=\"elementor-element elementor-element-2ee6815 ca-subtitle-1 elementor-widget elementor-widget-text-editor\" data-id=\"2ee6815\" data-element_type=\"widget\" data-e-type=\"widget\" data-widget_type=\"text-editor.default\">\n\t\t\t\t<div class=\"elementor-widget-container\">\n\t\t\t\t\t\t\t\t\t<h4>Testen Sie die CARRIDA Software kostenlos<\/h4>\t\t\t\t\t\t\t\t<\/div>\n\t\t\t\t<\/div>\n\t\t\t\t\t<\/div>\n\t\t\t\t<\/div>\n\t\t\t\t\t<\/div>\n\t\t\t\t<\/div>\n\t\t<div class=\"elementor-element elementor-element-63cffe4 wo-mobile-padding-general wo-padding-tablet-general wo-margin-top-40-mobile wo-content-padding e-con-full e-flex e-con e-parent\" data-id=\"63cffe4\" data-element_type=\"container\" data-e-type=\"container\">\n\t\t<div class=\"elementor-element elementor-element-c2bdc62 e-con-full e-flex e-con e-child\" data-id=\"c2bdc62\" data-element_type=\"container\" data-e-type=\"container\">\n\t\t<div class=\"elementor-element elementor-element-468eefc e-con-full wo-padding-40 e-flex e-con e-child\" data-id=\"468eefc\" data-element_type=\"container\" data-e-type=\"container\" data-settings=\"{&quot;background_background&quot;:&quot;classic&quot;}\">\n\t\t\t\t<div class=\"elementor-element elementor-element-9728ef0 elementor-button-align-stretch elementor-widget elementor-widget-form\" data-id=\"9728ef0\" data-element_type=\"widget\" data-e-type=\"widget\" data-settings=\"{&quot;step_next_label&quot;:&quot;N\\u00e4chster&quot;,&quot;step_previous_label&quot;:&quot;Voriger&quot;,&quot;button_width&quot;:&quot;100&quot;,&quot;step_type&quot;:&quot;number_text&quot;,&quot;step_icon_shape&quot;:&quot;circle&quot;}\" data-widget_type=\"form.default\">\n\t\t\t\t<div class=\"elementor-widget-container\">\n\t\t\t\t\t\t\t<form class=\"elementor-form\" method=\"post\" name=\"Kostenloser Test Kontakt\" aria-label=\"Kostenloser Test Kontakt\" novalidate=\"\">\n\t\t\t<input type=\"hidden\" name=\"post_id\" value=\"5634\"\/>\n\t\t\t<input type=\"hidden\" name=\"form_id\" value=\"9728ef0\"\/>\n\t\t\t<input type=\"hidden\" name=\"referer_title\" value=\"21 Tage kostenlos testen: Die beste ALPR-L\u00f6sung von CARRIDA\" \/>\n\n\t\t\t\t\t\t\t<input type=\"hidden\" name=\"queried_id\" value=\"5634\"\/>\n\t\t\t\n\t\t\t<div class=\"elementor-form-fields-wrapper elementor-labels-above\">\n\t\t\t\t\t\t\t\t<div class=\"elementor-field-type-text elementor-field-group elementor-column elementor-field-group-vorname elementor-col-50\">\n\t\t\t\t\t\t\t\t\t\t\t\t<label for=\"form-field-vorname\" class=\"elementor-field-label\">\n\t\t\t\t\t\t\t\tVorname\t\t\t\t\t\t\t<\/label>\n\t\t\t\t\t\t\t\t\t\t\t\t\t\t<input size=\"1\" type=\"text\" name=\"form_fields[vorname]\" id=\"form-field-vorname\" class=\"elementor-field elementor-size-sm  elementor-field-textual\" placeholder=\"Bitte eingeben\">\n\t\t\t\t\t\t\t\t\t\t\t<\/div>\n\t\t\t\t\t\t\t\t<div class=\"elementor-field-type-text elementor-field-group elementor-column elementor-field-group-name elementor-col-50\">\n\t\t\t\t\t\t\t\t\t\t\t\t<label for=\"form-field-name\" class=\"elementor-field-label\">\n\t\t\t\t\t\t\t\tNachname\t\t\t\t\t\t\t<\/label>\n\t\t\t\t\t\t\t\t\t\t\t\t\t\t<input size=\"1\" type=\"text\" name=\"form_fields[name]\" id=\"form-field-name\" class=\"elementor-field elementor-size-sm  elementor-field-textual\" placeholder=\"Bitte eingeben\">\n\t\t\t\t\t\t\t\t\t\t\t<\/div>\n\t\t\t\t\t\t\t\t<div class=\"elementor-field-type-text elementor-field-group elementor-column elementor-field-group-unternehmen elementor-col-50 elementor-field-required elementor-mark-required\">\n\t\t\t\t\t\t\t\t\t\t\t\t<label for=\"form-field-unternehmen\" class=\"elementor-field-label\">\n\t\t\t\t\t\t\t\tUnternehmen\t\t\t\t\t\t\t<\/label>\n\t\t\t\t\t\t\t\t\t\t\t\t\t\t<input size=\"1\" type=\"text\" name=\"form_fields[unternehmen]\" id=\"form-field-unternehmen\" class=\"elementor-field elementor-size-sm  elementor-field-textual\" placeholder=\"Bitte eingeben\" required=\"required\">\n\t\t\t\t\t\t\t\t\t\t\t<\/div>\n\t\t\t\t\t\t\t\t<div class=\"elementor-field-type-email elementor-field-group elementor-column elementor-field-group-email elementor-col-50 elementor-field-required elementor-mark-required\">\n\t\t\t\t\t\t\t\t\t\t\t\t<label for=\"form-field-email\" class=\"elementor-field-label\">\n\t\t\t\t\t\t\t\tE-Mail Adresse\t\t\t\t\t\t\t<\/label>\n\t\t\t\t\t\t\t\t\t\t\t\t\t\t<input size=\"1\" type=\"email\" name=\"form_fields[email]\" id=\"form-field-email\" class=\"elementor-field elementor-size-sm  elementor-field-textual\" placeholder=\"Bitte eingeben\" required=\"required\">\n\t\t\t\t\t\t\t\t\t\t\t<\/div>\n\t\t\t\t\t\t\t\t<div class=\"elementor-field-type-select elementor-field-group elementor-column elementor-field-group-aware elementor-col-66\">\n\t\t\t\t\t\t\t\t\t\t\t\t<label for=\"form-field-aware\" class=\"elementor-field-label\">\n\t\t\t\t\t\t\t\tWie sind Sie auf CARRIDA aufmerksam geworden?\t\t\t\t\t\t\t<\/label>\n\t\t\t\t\t\t\t\t<div class=\"elementor-field elementor-select-wrapper remove-before \">\n\t\t\t<div class=\"select-caret-down-wrapper\">\n\t\t\t\t<i aria-hidden=\"true\" class=\"eicon-caret-down\"><\/i>\t\t\t<\/div>\n\t\t\t<select name=\"form_fields[aware]\" id=\"form-field-aware\" class=\"elementor-field-textual elementor-size-sm\">\n\t\t\t\t\t\t\t\t\t<option value=\"Sonstiges\">Sonstiges<\/option>\n\t\t\t\t\t\t\t\t\t<option value=\"Messe\">Messe<\/option>\n\t\t\t\t\t\t\t\t\t<option value=\"Suchmaschine\">Suchmaschine<\/option>\n\t\t\t\t\t\t\t<\/select>\n\t\t<\/div>\n\t\t\t\t\t\t<\/div>\n\t\t\t\t\t\t\t\t<div class=\"elementor-field-group elementor-column elementor-field-type-submit elementor-col-100 e-form__buttons\">\n\t\t\t\t\t<button class=\"elementor-button elementor-size-sm\" type=\"submit\">\n\t\t\t\t\t\t<span class=\"elementor-button-content-wrapper\">\n\t\t\t\t\t\t\t\t\t\t\t\t\t\t\t\t\t\t\t\t\t\t<span class=\"elementor-button-text\">Software testen<\/span>\n\t\t\t\t\t\t\t\t\t\t\t\t\t<\/span>\n\t\t\t\t\t<\/button>\n\t\t\t\t<\/div>\n\t\t\t<\/div>\n\t\t<input\n                    class=\"apbct_special_field apbct_email_id__elementor_form\"\n                    name=\"apbct__email_id__elementor_form\"\n                    aria-label=\"apbct__label_id__elementor_form\"\n                    type=\"text\" size=\"30\" maxlength=\"200\" autocomplete=\"off\"\n                    value=\"\"\n                \/><\/form>\n\t\t\t\t\t\t<\/div>\n\t\t\t\t<\/div>\n\t\t\t\t<div class=\"elementor-element elementor-element-8ace278 elementor-widget elementor-widget-text-editor\" data-id=\"8ace278\" data-element_type=\"widget\" data-e-type=\"widget\" data-widget_type=\"text-editor.default\">\n\t\t\t\t<div class=\"elementor-widget-container\">\n\t\t\t\t\t\t\t\t\tMit dem Abschicken unseres Kontaktformulars akzeptieren Sie unsere <a href=\"https:\/\/dev.carrida-technologies.com\/datenschutzerklaerung\/\">Datenschutzrichtlinien<\/a>.\t\t\t\t\t\t\t\t<\/div>\n\t\t\t\t<\/div>\n\t\t\t\t<\/div>\n\t\t\t\t<\/div>\n\t\t\t\t<\/div>\n\t\t<div class=\"elementor-element elementor-element-a59c0ea wo-content-padding e-flex e-con-boxed e-con e-parent\" data-id=\"a59c0ea\" data-element_type=\"container\" data-e-type=\"container\">\n\t\t\t\t\t<div class=\"e-con-inner\">\n\t\t<div class=\"elementor-element elementor-element-8598763 e-con-full wo-content e-flex e-con e-child\" data-id=\"8598763\" data-element_type=\"container\" data-e-type=\"container\">\n\t\t\t\t<div class=\"elementor-element elementor-element-0306d01 elementor-view-default elementor-position-block-start elementor-mobile-position-block-start elementor-widget elementor-widget-icon-box\" data-id=\"0306d01\" data-element_type=\"widget\" data-e-type=\"widget\" data-widget_type=\"icon-box.default\">\n\t\t\t\t<div class=\"elementor-widget-container\">\n\t\t\t\t\t\t\t<div class=\"elementor-icon-box-wrapper\">\n\n\t\t\t\t\t\t<div class=\"elementor-icon-box-icon\">\n\t\t\t\t<span  class=\"elementor-icon\">\n\t\t\t\t<i aria-hidden=\"true\" class=\"fas fa-check-circle\"><\/i>\t\t\t\t<\/span>\n\t\t\t<\/div>\n\t\t\t\n\t\t\t\t\t\t<div class=\"elementor-icon-box-content\">\n\n\t\t\t\t\n\t\t\t\t\t\t\t\t\t<p class=\"elementor-icon-box-description\">\n\t\t\t\t\t\t99+ Prozent Erkennungsgenauigkeit \u2013 auch bei schwierigen und schwer lesbaren Kennzeichen.\t\t\t\t\t<\/p>\n\t\t\t\t\n\t\t\t<\/div>\n\t\t\t\n\t\t<\/div>\n\t\t\t\t\t\t<\/div>\n\t\t\t\t<\/div>\n\t\t\t\t<div class=\"elementor-element elementor-element-0bd601f elementor-view-default elementor-position-block-start elementor-mobile-position-block-start elementor-widget elementor-widget-icon-box\" data-id=\"0bd601f\" data-element_type=\"widget\" data-e-type=\"widget\" data-widget_type=\"icon-box.default\">\n\t\t\t\t<div class=\"elementor-widget-container\">\n\t\t\t\t\t\t\t<div class=\"elementor-icon-box-wrapper\">\n\n\t\t\t\t\t\t<div class=\"elementor-icon-box-icon\">\n\t\t\t\t<span  class=\"elementor-icon\">\n\t\t\t\t<i aria-hidden=\"true\" class=\"fas fa-check-circle\"><\/i>\t\t\t\t<\/span>\n\t\t\t<\/div>\n\t\t\t\n\t\t\t\t\t\t<div class=\"elementor-icon-box-content\">\n\n\t\t\t\t\n\t\t\t\t\t\t\t\t\t<p class=\"elementor-icon-box-description\">\n\t\t\t\t\t\tALPR+ f\u00fcr Make-and-Model-Erkennung &amp; Smart-Traffic: Klassifizierung, Wegzeitmessung und Verkehrswegeerhebung mit AI.\n\t\t\t\t\t<\/p>\n\t\t\t\t\n\t\t\t<\/div>\n\t\t\t\n\t\t<\/div>\n\t\t\t\t\t\t<\/div>\n\t\t\t\t<\/div>\n\t\t\t\t<div class=\"elementor-element elementor-element-3ebd941 elementor-view-default elementor-position-block-start elementor-mobile-position-block-start elementor-widget elementor-widget-icon-box\" data-id=\"3ebd941\" data-element_type=\"widget\" data-e-type=\"widget\" data-widget_type=\"icon-box.default\">\n\t\t\t\t<div class=\"elementor-widget-container\">\n\t\t\t\t\t\t\t<div class=\"elementor-icon-box-wrapper\">\n\n\t\t\t\t\t\t<div class=\"elementor-icon-box-icon\">\n\t\t\t\t<span  class=\"elementor-icon\">\n\t\t\t\t<i aria-hidden=\"true\" class=\"fas fa-check-circle\"><\/i>\t\t\t\t<\/span>\n\t\t\t<\/div>\n\t\t\t\n\t\t\t\t\t\t<div class=\"elementor-icon-box-content\">\n\n\t\t\t\t\n\t\t\t\t\t\t\t\t\t<p class=\"elementor-icon-box-description\">\n\t\t\t\t\t\tDieselbe hoch-optimierte Library f\u00fcr alle Endger\u00e4te: f\u00fcr ARM- und X86-Plattformen, Linux, Windows &amp; Android.\t\t\t\t\t<\/p>\n\t\t\t\t\n\t\t\t<\/div>\n\t\t\t\n\t\t<\/div>\n\t\t\t\t\t\t<\/div>\n\t\t\t\t<\/div>\n\t\t\t\t<div class=\"elementor-element elementor-element-4bb46d9 elementor-view-default elementor-position-block-start elementor-mobile-position-block-start elementor-widget elementor-widget-icon-box\" data-id=\"4bb46d9\" data-element_type=\"widget\" data-e-type=\"widget\" data-widget_type=\"icon-box.default\">\n\t\t\t\t<div class=\"elementor-widget-container\">\n\t\t\t\t\t\t\t<div class=\"elementor-icon-box-wrapper\">\n\n\t\t\t\t\t\t<div class=\"elementor-icon-box-icon\">\n\t\t\t\t<span  class=\"elementor-icon\">\n\t\t\t\t<i aria-hidden=\"true\" class=\"fas fa-check-circle\"><\/i>\t\t\t\t<\/span>\n\t\t\t<\/div>\n\t\t\t\n\t\t\t\t\t\t<div class=\"elementor-icon-box-content\">\n\n\t\t\t\t\n\t\t\t\t\t\t\t\t\t<p class=\"elementor-icon-box-description\">\n\t\t\t\t\t\tEinfache Integration, schnelles Setup, gut dokumentiert \u2013 f\u00fcr eine reibungslose Implementierung.\t\t\t\t\t<\/p>\n\t\t\t\t\n\t\t\t<\/div>\n\t\t\t\n\t\t<\/div>\n\t\t\t\t\t\t<\/div>\n\t\t\t\t<\/div>\n\t\t\t\t<\/div>\n\t\t\t\t\t<\/div>\n\t\t\t\t<\/div>\n\t\t\t\t<\/div>\n\t\t","protected":false},"excerpt":{"rendered":"<p>In 21 Tagen zur besten ALPR L\u00f6sung Testen Sie die CARRIDA Software kostenlos Mit dem Abschicken unseres Kontaktformulars akzeptieren Sie unsere Datenschutzrichtlinien. 99+ Prozent Erkennungsgenauigkeit \u2013 auch bei schwierigen und schwer lesbaren Kennzeichen. ALPR+ f\u00fcr Make-and-Model-Erkennung &amp; Smart-Traffic: Klassifizierung, Wegzeitmessung und Verkehrswegeerhebung mit AI. Dieselbe hoch-optimierte Library f\u00fcr alle Endger\u00e4te: f\u00fcr ARM- und X86-Plattformen, Linux, [&hellip;]<\/p>\n","protected":false},"author":1,"featured_media":0,"parent":0,"menu_order":3,"comment_status":"closed","ping_status":"closed","template":"","meta":{"footnotes":""},"class_list":["post-5634","page","type-page","status-publish","hentry"],"yoast_head":"<!-- This site is optimized with the Yoast SEO plugin v27.3 - https:\/\/yoast.com\/product\/yoast-seo-wordpress\/ -->\n<title>21 Tage kostenlos testen: Die beste ALPR-L\u00f6sung von CARRIDA<\/title>\n<meta name=\"description\" content=\"In nur 21 Tagen zur besten ALPR-L\u00f6sung! Testen Sie die CARRIDA Software einen Monat kostenlos und \u00fcberzeugen Sie sich selbst.\" \/>\n<meta name=\"robots\" content=\"noindex, follow, max-snippet:-1, max-image-preview:large, max-video-preview:-1\" \/>\n<meta property=\"og:locale\" content=\"en_GB\" \/>\n<meta property=\"og:type\" content=\"article\" \/>\n<meta property=\"og:title\" content=\"21 Tage kostenlos testen: Die beste ALPR-L\u00f6sung von CARRIDA\" \/>\n<meta property=\"og:description\" content=\"In nur 21 Tagen zur besten ALPR-L\u00f6sung! Testen Sie die CARRIDA Software einen Monat kostenlos und \u00fcberzeugen Sie sich selbst.\" \/>\n<meta property=\"og:url\" content=\"https:\/\/dev.carrida-technologies.com\/en\/test-free\/\" \/>\n<meta property=\"og:site_name\" content=\"Carrida Technologies GmbH\" \/>\n<meta property=\"article:modified_time\" content=\"2025-12-12T09:09:02+00:00\" \/>\n<meta name=\"twitter:card\" content=\"summary_large_image\" \/>\n<meta name=\"twitter:label1\" content=\"Estimated reading time\" \/>\n\t<meta name=\"twitter:data1\" content=\"1 minute\" \/>\n<script type=\"application\/ld+json\" class=\"yoast-schema-graph\">{\"@context\":\"https:\\\/\\\/schema.org\",\"@graph\":[{\"@type\":\"WebPage\",\"@id\":\"https:\\\/\\\/dev.carrida-technologies.com\\\/kostenlos-testen\\\/\",\"url\":\"https:\\\/\\\/dev.carrida-technologies.com\\\/kostenlos-testen\\\/\",\"name\":\"21 Tage kostenlos testen: Die beste ALPR-L\u00f6sung von CARRIDA\",\"isPartOf\":{\"@id\":\"https:\\\/\\\/dev.carrida-technologies.com\\\/#website\"},\"datePublished\":\"2024-07-09T09:52:19+00:00\",\"dateModified\":\"2025-12-12T09:09:02+00:00\",\"description\":\"In nur 21 Tagen zur besten ALPR-L\u00f6sung! Testen Sie die CARRIDA Software einen Monat kostenlos und \u00fcberzeugen Sie sich selbst.\",\"breadcrumb\":{\"@id\":\"https:\\\/\\\/dev.carrida-technologies.com\\\/kostenlos-testen\\\/#breadcrumb\"},\"inLanguage\":\"en-GB\",\"potentialAction\":[{\"@type\":\"ReadAction\",\"target\":[\"https:\\\/\\\/dev.carrida-technologies.com\\\/kostenlos-testen\\\/\"]}]},{\"@type\":\"BreadcrumbList\",\"@id\":\"https:\\\/\\\/dev.carrida-technologies.com\\\/kostenlos-testen\\\/#breadcrumb\",\"itemListElement\":[{\"@type\":\"ListItem\",\"position\":1,\"name\":\"Startseite\",\"item\":\"https:\\\/\\\/dev.carrida-technologies.com\\\/\"},{\"@type\":\"ListItem\",\"position\":2,\"name\":\"Kostenlos testen\"}]},{\"@type\":\"WebSite\",\"@id\":\"https:\\\/\\\/dev.carrida-technologies.com\\\/#website\",\"url\":\"https:\\\/\\\/dev.carrida-technologies.com\\\/\",\"name\":\"Carrida Technologies GmbH\",\"description\":\"Eine weitere WordPress-Website\",\"publisher\":{\"@id\":\"https:\\\/\\\/dev.carrida-technologies.com\\\/#organization\"},\"potentialAction\":[{\"@type\":\"SearchAction\",\"target\":{\"@type\":\"EntryPoint\",\"urlTemplate\":\"https:\\\/\\\/dev.carrida-technologies.com\\\/?s={search_term_string}\"},\"query-input\":{\"@type\":\"PropertyValueSpecification\",\"valueRequired\":true,\"valueName\":\"search_term_string\"}}],\"inLanguage\":\"en-GB\"},{\"@type\":\"Organization\",\"@id\":\"https:\\\/\\\/dev.carrida-technologies.com\\\/#organization\",\"name\":\"Carrida Technologies GmbH\",\"url\":\"https:\\\/\\\/dev.carrida-technologies.com\\\/\",\"logo\":{\"@type\":\"ImageObject\",\"inLanguage\":\"en-GB\",\"@id\":\"https:\\\/\\\/dev.carrida-technologies.com\\\/#\\\/schema\\\/logo\\\/image\\\/\",\"url\":\"https:\\\/\\\/dev.carrida-technologies.com\\\/wp-content\\\/uploads\\\/2023\\\/04\\\/Carrida_logo_white.png\",\"contentUrl\":\"https:\\\/\\\/dev.carrida-technologies.com\\\/wp-content\\\/uploads\\\/2023\\\/04\\\/Carrida_logo_white.png\",\"width\":386,\"height\":111,\"caption\":\"Carrida Technologies GmbH\"},\"image\":{\"@id\":\"https:\\\/\\\/dev.carrida-technologies.com\\\/#\\\/schema\\\/logo\\\/image\\\/\"}}]}<\/script>\n<!-- \/ Yoast SEO plugin. -->","yoast_head_json":{"title":"21-day free trial: The best ANPR solution from CARRIDA","description":"The best ANPR solution in just 21 days! Test the CARRIDA software for one month free of charge and see for yourself.","robots":{"index":"noindex","follow":"follow","max-snippet":"max-snippet:-1","max-image-preview":"max-image-preview:large","max-video-preview":"max-video-preview:-1"},"og_locale":"en_GB","og_type":"article","og_title":"21 Tage kostenlos testen: Die beste ALPR-L\u00f6sung von CARRIDA","og_description":"In nur 21 Tagen zur besten ALPR-L\u00f6sung! Testen Sie die CARRIDA Software einen Monat kostenlos und \u00fcberzeugen Sie sich selbst.","og_url":"https:\/\/dev.carrida-technologies.com\/en\/test-free\/","og_site_name":"Carrida Technologies GmbH","article_modified_time":"2025-12-12T09:09:02+00:00","twitter_card":"summary_large_image","twitter_misc":{"Estimated reading time":"1 minute"},"schema":{"@context":"https:\/\/schema.org","@graph":[{"@type":"WebPage","@id":"https:\/\/dev.carrida-technologies.com\/kostenlos-testen\/","url":"https:\/\/dev.carrida-technologies.com\/kostenlos-testen\/","name":"21-day free trial: The best ANPR solution from CARRIDA","isPartOf":{"@id":"https:\/\/dev.carrida-technologies.com\/#website"},"datePublished":"2024-07-09T09:52:19+00:00","dateModified":"2025-12-12T09:09:02+00:00","description":"The best ANPR solution in just 21 days! Test the CARRIDA software for one month free of charge and see for yourself.","breadcrumb":{"@id":"https:\/\/dev.carrida-technologies.com\/kostenlos-testen\/#breadcrumb"},"inLanguage":"en-GB","potentialAction":[{"@type":"ReadAction","target":["https:\/\/dev.carrida-technologies.com\/kostenlos-testen\/"]}]},{"@type":"BreadcrumbList","@id":"https:\/\/dev.carrida-technologies.com\/kostenlos-testen\/#breadcrumb","itemListElement":[{"@type":"ListItem","position":1,"name":"Startseite","item":"https:\/\/dev.carrida-technologies.com\/"},{"@type":"ListItem","position":2,"name":"Kostenlos testen"}]},{"@type":"WebSite","@id":"https:\/\/dev.carrida-technologies.com\/#website","url":"https:\/\/dev.carrida-technologies.com\/","name":"Carrida Technologies GmbH","description":"Eine weitere WordPress-Website","publisher":{"@id":"https:\/\/dev.carrida-technologies.com\/#organization"},"potentialAction":[{"@type":"SearchAction","target":{"@type":"EntryPoint","urlTemplate":"https:\/\/dev.carrida-technologies.com\/?s={search_term_string}"},"query-input":{"@type":"PropertyValueSpecification","valueRequired":true,"valueName":"search_term_string"}}],"inLanguage":"en-GB"},{"@type":"Organization","@id":"https:\/\/dev.carrida-technologies.com\/#organization","name":"Carrida Technologies GmbH","url":"https:\/\/dev.carrida-technologies.com\/","logo":{"@type":"ImageObject","inLanguage":"en-GB","@id":"https:\/\/dev.carrida-technologies.com\/#\/schema\/logo\/image\/","url":"https:\/\/dev.carrida-technologies.com\/wp-content\/uploads\/2023\/04\/Carrida_logo_white.png","contentUrl":"https:\/\/dev.carrida-technologies.com\/wp-content\/uploads\/2023\/04\/Carrida_logo_white.png","width":386,"height":111,"caption":"Carrida Technologies GmbH"},"image":{"@id":"https:\/\/dev.carrida-technologies.com\/#\/schema\/logo\/image\/"}}]}},"_links":{"self":[{"href":"https:\/\/dev.carrida-technologies.com\/en\/wp-json\/wp\/v2\/pages\/5634","targetHints":{"allow":["GET"]}}],"collection":[{"href":"https:\/\/dev.carrida-technologies.com\/en\/wp-json\/wp\/v2\/pages"}],"about":[{"href":"https:\/\/dev.carrida-technologies.com\/en\/wp-json\/wp\/v2\/types\/page"}],"author":[{"embeddable":true,"href":"https:\/\/dev.carrida-technologies.com\/en\/wp-json\/wp\/v2\/users\/1"}],"replies":[{"embeddable":true,"href":"https:\/\/dev.carrida-technologies.com\/en\/wp-json\/wp\/v2\/comments?post=5634"}],"version-history":[{"count":3,"href":"https:\/\/dev.carrida-technologies.com\/en\/wp-json\/wp\/v2\/pages\/5634\/revisions"}],"predecessor-version":[{"id":6829,"href":"https:\/\/dev.carrida-technologies.com\/en\/wp-json\/wp\/v2\/pages\/5634\/revisions\/6829"}],"wp:attachment":[{"href":"https:\/\/dev.carrida-technologies.com\/en\/wp-json\/wp\/v2\/media?parent=5634"}],"curies":[{"name":"wp","href":"https:\/\/api.w.org\/{rel}","templated":true}]}}